{"id":49,"date":"2025-07-19T18:48:25","date_gmt":"2025-07-19T18:48:25","guid":{"rendered":"https:\/\/caarg.org\/es\/about\/"},"modified":"2025-07-27T16:22:43","modified_gmt":"2025-07-27T16:22:43","slug":"about","status":"publish","type":"page","link":"https:\/\/caarg.org\/es\/about\/","title":{"rendered":"Nosotros"},"content":{"rendered":"\n\n\n\n\n\n\n\n\n<div class=\"wp-block-columns is-layout-flex wp-container-core-columns-is-layout-9d6595d7 wp-block-columns-is-layout-flex\">\n<div class=\"wp-block-column is-layout-flow wp-block-column-is-layout-flow\" style=\"flex-basis:100%\">\n\n\n<strong>iNTEGRACI\u00d3N DE LA COMISI\u00d3N DIRECTIVA:<\/strong><br>Presidencia: CETANR (c\u00e1mara de empresas de transporte a\u00e9reo no regular)<br>Vicepresidencia: SAA (Sociedad Argentina de Aviaci\u00f3n)<br>Secretaria: FADA (Federaci\u00f3n Argentina de Aeroclubes)<br>Tesoreria: CADEyA (C\u00e1mara de Empresas de Drones y Afines)<br>Vocal\u00cda Titular 1\u00ba: APRA (Asociaci\u00f3n de Pilotos de la Rep\u00fablica Argentina)<br>Vocal\u00eda Titular 2\u00ba: CACIAC (C\u00e1mara Argentina de Centros de Instrucci\u00f3n)<br>Vocal\u00eda Titular 3\u00ba: APHA (Asociaci\u00f3n de Pilotos de Helic\u00f3pteros de Argentina)<br>Vocal\u00eda Suplente 1\u00ba: FAVAV (Federaci\u00f3n Argentina de Vuelo a Vela)<br><strong>Comisi\u00f3n Revisora de Cuentas (Provisoria):<\/strong><br>Revisor Titular 1\u00ba: APADA (Asociaci\u00f3n Profesional Argentina de Despachantes de Aeronaves)<br>Revisor Suplente 1\u00ba: AAA (Asociaci\u00f3n Aerost\u00e1tica Argentina)<br><br><br><br><br><div style=\"font-weight: 300; font-size: 15px; font-family: Lato; color: rgb(34, 34, 34); text-decoration-style: initial; letter-spacing: normal; text-transform: none; line-height: 1.65em !important;\">APHA<\/div>\n\n\n\n\n\n<div>Misi\u00f3n:Fomentar la seguridad del vuelo; Colaborar con las autoridades en el desarrollo de rutas y helipuntos \/ helipuertos;Incrementar las ofertas y promoci\u00f3n para el uso de helic\u00f3pteros; Promover la capacitaci\u00f3n de pilotos a trav\u00e9s de cursos y seminarios; Difundir bibliograf\u00eda; Lograr que la sociedad adopte al helic\u00f3ptero como un medio adecuado para el traslado, la seguridad y la resoluci\u00f3n de emergencias.<\/div><br><div><br><a href=\"http:\/\/www.apha.org.ar\/\">www.apha.org.ar<\/a> <\/div><div>info@apha.org.ar <\/div><div>@apha_pil_heli_arg<\/div><div>@pilotos_apha<\/div><div>+54 9 11 2614-8347 <\/div><div>+54 9 11 2614-8347<\/div>\n\n\n\n<p [object NamedNodeMap]><br><\/p>\n\n\n\n<p [object NamedNodeMap]>APADA<br><\/p>\n\n\n\n\n\na).-Defender los intereses y aspiraciones de sus asociados.-b).-Continuar con su aporte a la aviaci\u00f3n comercial contribuyendo a la Seguridad, Legalidad, Regularidad, Calidad y Econom\u00eda de las Operaciones A\u00e9reas.-c).-Recomendar a las Autoridades Aeron\u00e1uticas y Operadores Aerocomerciales, la comprobaci\u00f3n peri\u00f3dica de la aptitud profesional de los titulares de licencias.-d).-Colaborar con las Autoridades Aeron\u00e1uticas y Operadores Aerocomerciales, responsables de la actividad a\u00e9rea, para asegurar el cumplimiento de las normas y reglamentaciones relativas a las operaciones.-e).-No aprobar, en el ejercicio de sus funciones profesionales, operaciones de vuelo que a su juicio puedan poner en peligro vidas o equipos, o que no est\u00e9n de acuerdo con las normas, reglamentos y procedimientos regulatorios de la actividad a\u00e9rea.-f).-Colaborar y participar con Asociaciones de Despachantes de Aeronaves, de Encargados de Operaciones de Vuelo o de T\u00e9cnicos de Operaciones de Vuelo de otros pa\u00edses.-g).-Bregar por las mejoras profesionales, t\u00e9cnicas, culturales y econ\u00f3micas de sus asociados y por el engrandecimiento de la Asociaci\u00f3n.-h).-Afiliarse a la Federaci\u00f3n Profesional Latinoamericana de Encargados de Operaciones de Vuelo, y por ende a I.F.A.L.D.A..- Observadores permanentes en OACI.i).-Celebrar, cuando se lo solicite expresamente, en representaci\u00f3n de sus asociados, los acuerdos, convenios y mediaciones que pudieran corresponder.-j).-Brindar asesoramiento profesional a quien lo solicite.-k).-Bregar por la defensa de las fuentes de trabajo, y estabilidad laboral, de sus asociados.-<br><br><br><br>\n\n\n\n<p><\/p>\n\n\n\n\n\n<div style=\"font-weight: 300; font-size: 15px; font-family: Lato; color: rgb(34, 34, 34); text-decoration-style: initial; letter-spacing: normal; text-transform: none; line-height: 1.65em !important;\"><\/div>\n\n\n\n\n\n<p [object NamedNodeMap]><br><\/p>\n\n\n\n\n\n\n\n\n\n\n\n\n\n\n\n\n\n\n\n\n\n\n\n\n\n\n\n\n\n\n\n\n\n\n\n\n<\/div>\n<\/div>\n","protected":false},"excerpt":{"rendered":"","protected":false},"author":1,"featured_media":0,"parent":0,"menu_order":0,"comment_status":"closed","ping_status":"closed","template":"","meta":{"pagelayer_contact_templates":[],"_pagelayer_content":"","footnotes":""},"class_list":["post-49","page","type-page","status-publish","hentry"],"_links":{"self":[{"href":"https:\/\/caarg.org\/es\/wp-json\/wp\/v2\/pages\/49","targetHints":{"allow":["GET"]}}],"collection":[{"href":"https:\/\/caarg.org\/es\/wp-json\/wp\/v2\/pages"}],"about":[{"href":"https:\/\/caarg.org\/es\/wp-json\/wp\/v2\/types\/page"}],"author":[{"embeddable":true,"href":"https:\/\/caarg.org\/es\/wp-json\/wp\/v2\/users\/1"}],"replies":[{"embeddable":true,"href":"https:\/\/caarg.org\/es\/wp-json\/wp\/v2\/comments?post=49"}],"version-history":[{"count":33,"href":"https:\/\/caarg.org\/es\/wp-json\/wp\/v2\/pages\/49\/revisions"}],"predecessor-version":[{"id":191,"href":"https:\/\/caarg.org\/es\/wp-json\/wp\/v2\/pages\/49\/revisions\/191"}],"wp:attachment":[{"href":"https:\/\/caarg.org\/es\/wp-json\/wp\/v2\/media?parent=49"}],"curies":[{"name":"wp","href":"https:\/\/api.w.org\/{rel}","templated":true}]}}