{"id":48,"date":"2025-07-19T18:48:25","date_gmt":"2025-07-19T18:48:25","guid":{"rendered":"https:\/\/caarg.org\/es\/home\/"},"modified":"2025-07-19T23:41:49","modified_gmt":"2025-07-19T23:41:49","slug":"home","status":"publish","type":"page","link":"https:\/\/caarg.org\/es\/","title":{"rendered":"Home"},"content":{"rendered":"\n\n\n\n\nCAArg\n\n\n\nConfederaci\u00f3n Aeron\u00e1utica\n\n\n\nArgentina\n\n\n\n\n\n\n\n\n\nLo que nos proponemos\n\n\n\n\n\n\n\n<p>Promover, coordinar y fortalecer el desarrollo de la actividad aeron\u00e1utica civil, deportiva y cultural en todo el territorio nacional, representando y articulando los intereses de las federaciones, clubes y organizaciones vinculadas al vuelo<\/p>\n\n\n\n\n\n<p>Fomentamos la formaci\u00f3n, seguridad operacional, integraci\u00f3n federal y el crecimiento sustentable del sector, en estrecha colaboraci\u00f3n con organismos p\u00fablicos y privados, tanto a nivel nacional como internacional.<\/p>\n\n\n\n\n\n\n\n\n\n\n\n\n\n\n\n\n\n\n\n\n\n\n","protected":false},"excerpt":{"rendered":"","protected":false},"author":1,"featured_media":0,"parent":0,"menu_order":0,"comment_status":"closed","ping_status":"closed","template":"","meta":{"pagelayer_contact_templates":[],"_pagelayer_content":"","footnotes":""},"class_list":["post-48","page","type-page","status-publish","hentry"],"_links":{"self":[{"href":"https:\/\/caarg.org\/es\/wp-json\/wp\/v2\/pages\/48","targetHints":{"allow":["GET"]}}],"collection":[{"href":"https:\/\/caarg.org\/es\/wp-json\/wp\/v2\/pages"}],"about":[{"href":"https:\/\/caarg.org\/es\/wp-json\/wp\/v2\/types\/page"}],"author":[{"embeddable":true,"href":"https:\/\/caarg.org\/es\/wp-json\/wp\/v2\/users\/1"}],"replies":[{"embeddable":true,"href":"https:\/\/caarg.org\/es\/wp-json\/wp\/v2\/comments?post=48"}],"version-history":[{"count":10,"href":"https:\/\/caarg.org\/es\/wp-json\/wp\/v2\/pages\/48\/revisions"}],"predecessor-version":[{"id":167,"href":"https:\/\/caarg.org\/es\/wp-json\/wp\/v2\/pages\/48\/revisions\/167"}],"wp:attachment":[{"href":"https:\/\/caarg.org\/es\/wp-json\/wp\/v2\/media?parent=48"}],"curies":[{"name":"wp","href":"https:\/\/api.w.org\/{rel}","templated":true}]}}